{"id":16,"date":"2017-02-28T12:08:31","date_gmt":"2017-02-28T12:08:31","guid":{"rendered":"https:\/\/blickwinkel.florianlonicer.com\/?page_id=16"},"modified":"2017-11-10T15:44:07","modified_gmt":"2017-11-10T15:44:07","slug":"das-projekt-blickwinkel","status":"publish","type":"page","link":"https:\/\/blickwinkel.florianlonicer.com\/?page_id=16&lang=de","title":{"rendered":"Projekt"},"content":{"rendered":"<p>Das Projekt &#8211; Blickwinkel<\/p>\n<p>Die gezeigten Fotografien sollen eine vielschichtige Betrachtung der Bauwerke zulassen, unterschiedliche Blickwinkel. Das subjektive Bild ist immer beeinflusst durch die Richtung aus der man sich dem Geb\u00e4ude n\u00e4hert, die Akzeptanz des Baustils, die Zeit des Betrachtens, das Wissen \u00fcber das Geb\u00e4ude oder die pers\u00f6nlichen Beziehung zu ihm. Es sind unterschiedliche Blickwinkel, die entsprechend unterschiedliche subjektive Bilder entstehen lassen. In der Gesamtheit setzt sich das Bild des Geb\u00e4udes wiederum aus einer Vielzahl solcher individuellen Bilder zusammen. Es entsteht ein Bild aus vielen Blickwinkeln.<\/p>\n<p>&nbsp;<\/p>\n<figure id=\"attachment_328\" aria-describedby=\"caption-attachment-328\" style=\"width: 1200px\" class=\"wp-caption alignnone\"><img data-attachment-id=\"328\" data-permalink=\"https:\/\/blickwinkel.florianlonicer.com\/?attachment_id=328\" data-orig-file=\"https:\/\/blickwinkel.florianlonicer.com\/wp-content\/uploads\/2017\/09\/Weltzeituhr-Lonicer-Farbe.jpg\" data-orig-size=\"1200,800\" data-comments-opened=\"1\" data-image-meta=\"{&quot;aperture&quot;:&quot;14&quot;,&quot;credit&quot;:&quot;Florian Lonicer&quot;,&quot;camera&quot;:&quot;NIKON D810&quot;,&quot;caption&quot;:&quot;&quot;,&quot;created_timestamp&quot;:&quot;1487589237&quot;,&quot;copyright&quot;:&quot;Florian Lonicer&quot;,&quot;focal_length&quot;:&quot;24&quot;,&quot;iso&quot;:&quot;1600&quot;,&quot;shutter_speed&quot;:&quot;0.0025&quot;,&quot;title&quot;:&quot;&quot;,&quot;orientation&quot;:&quot;1&quot;}\" data-image-title=\"Weltzeituhr-Lonicer-Farbe\" data-image-description=\"&lt;p&gt;Weltzeituhr am Alexanderplatz im Blickwinkel&lt;\/p&gt;\n\" data-image-caption=\"&lt;p&gt;Weltzeituhr am Alexanderplatz Berlin&lt;\/p&gt;\n\" data-medium-file=\"https:\/\/blickwinkel.florianlonicer.com\/wp-content\/uploads\/2017\/09\/Weltzeituhr-Lonicer-Farbe-300x200.jpg\" data-large-file=\"https:\/\/blickwinkel.florianlonicer.com\/wp-content\/uploads\/2017\/09\/Weltzeituhr-Lonicer-Farbe-1024x683.jpg\" loading=\"lazy\" class=\"size-full wp-image-328\" src=\"https:\/\/blickwinkel.florianlonicer.com\/wp-content\/uploads\/2017\/09\/Weltzeituhr-Lonicer-Farbe.jpg\" alt=\"Weltzeituhr\" width=\"1200\" height=\"800\" srcset=\"https:\/\/blickwinkel.florianlonicer.com\/wp-content\/uploads\/2017\/09\/Weltzeituhr-Lonicer-Farbe.jpg 1200w, https:\/\/blickwinkel.florianlonicer.com\/wp-content\/uploads\/2017\/09\/Weltzeituhr-Lonicer-Farbe-600x400.jpg 600w, https:\/\/blickwinkel.florianlonicer.com\/wp-content\/uploads\/2017\/09\/Weltzeituhr-Lonicer-Farbe-300x200.jpg 300w, https:\/\/blickwinkel.florianlonicer.com\/wp-content\/uploads\/2017\/09\/Weltzeituhr-Lonicer-Farbe-768x512.jpg 768w, https:\/\/blickwinkel.florianlonicer.com\/wp-content\/uploads\/2017\/09\/Weltzeituhr-Lonicer-Farbe-1024x683.jpg 1024w, https:\/\/blickwinkel.florianlonicer.com\/wp-content\/uploads\/2017\/09\/Weltzeituhr-Lonicer-Farbe-750x500.jpg 750w\" sizes=\"(max-width: 1200px) 100vw, 1200px\" \/><figcaption id=\"caption-attachment-328\" class=\"wp-caption-text\">Weltzeituhr am Alexanderplatz Berlin<\/figcaption><\/figure>\n","protected":false},"excerpt":{"rendered":"<p>Das Projekt &#8211; Blickwinkel Die gezeigten Fotografien sollen eine vielschichtige Betrachtung der Bauwerke zulassen, unterschiedliche Blickwinkel. Das subjektive Bild ist immer beeinflusst durch die Richtung aus der man sich dem Geb\u00e4ude n\u00e4hert, die Akzeptanz des Baustils, die Zeit des Betrachtens, das Wissen \u00fcber das Geb\u00e4ude oder die pers\u00f6nlichen Beziehung zu ihm. Es sind unterschiedliche Blickwinkel, [&hellip;]<\/p>\n","protected":false},"author":1,"featured_media":323,"parent":0,"menu_order":0,"comment_status":"closed","ping_status":"closed","template":"","meta":{"spay_email":""},"jetpack_likes_enabled":true,"jetpack-related-posts":[],"jetpack_sharing_enabled":true,"jetpack_shortlink":"https:\/\/wp.me\/P9m6rZ-g","_links":{"self":[{"href":"https:\/\/blickwinkel.florianlonicer.com\/index.php?rest_route=\/wp\/v2\/pages\/16"}],"collection":[{"href":"https:\/\/blickwinkel.florianlonicer.com\/index.php?rest_route=\/wp\/v2\/pages"}],"about":[{"href":"https:\/\/blickwinkel.florianlonicer.com\/index.php?rest_route=\/wp\/v2\/types\/page"}],"author":[{"embeddable":true,"href":"https:\/\/blickwinkel.florianlonicer.com\/index.php?rest_route=\/wp\/v2\/users\/1"}],"replies":[{"embeddable":true,"href":"https:\/\/blickwinkel.florianlonicer.com\/index.php?rest_route=%2Fwp%2Fv2%2Fcomments&post=16"}],"version-history":[{"count":17,"href":"https:\/\/blickwinkel.florianlonicer.com\/index.php?rest_route=\/wp\/v2\/pages\/16\/revisions"}],"predecessor-version":[{"id":481,"href":"https:\/\/blickwinkel.florianlonicer.com\/index.php?rest_route=\/wp\/v2\/pages\/16\/revisions\/481"}],"wp:featuredmedia":[{"embeddable":true,"href":"https:\/\/blickwinkel.florianlonicer.com\/index.php?rest_route=\/wp\/v2\/media\/323"}],"wp:attachment":[{"href":"https:\/\/blickwinkel.florianlonicer.com\/index.php?rest_route=%2Fwp%2Fv2%2Fmedia&parent=16"}],"curies":[{"name":"wp","href":"https:\/\/api.w.org\/{rel}","templated":true}]}}