{"id":289,"date":"2017-06-30T09:10:22","date_gmt":"2017-06-30T09:10:22","guid":{"rendered":"https:\/\/blickwinkel.florianlonicer.com\/?post_type=product&#038;p=289"},"modified":"2017-09-12T13:36:12","modified_gmt":"2017-09-12T13:36:12","slug":"elefantentor-zoo-berlin-50x70-cm-fotoabzug-limitierte-auflage","status":"publish","type":"product","link":"https:\/\/blickwinkel.florianlonicer.com\/?product=elefantentor-zoo-berlin-50x70-cm-fotoabzug-limitierte-auflage","title":{"rendered":"Elefantentor Zoo Berlin, 50&#215;70 cm, Fotoabzug, limitierte Auflage"},"content":{"rendered":"<p>Hochwertiger Fotoabzug auf echtem Fuji Fotopapier.<\/p>\n<p>Elefantentor am Berliner Zoo<\/p>\n<p>farbe, matt<\/p>\n<p>50\u00a0x 70 cm,\u00a0Papiergr\u00f6\u00dfe 60 x 80 (5 cm wei\u00dfer Rand)<\/p>\n<p>auf 5 St\u00fcck limiterte Auflage<\/p>\n<p>zzgl. Versand<\/p>\n<p>Das Projekt \u2013 Blickwinkel<\/p>\n<p>Die gezeigten Fotografien sollen eine vielschichtige Betrachtung der Bauwerke zulassen, unterschiedliche Blickwinkel. Das subjektive Bild ist immer beeinflusst durch die Richtung aus der man sich dem Geb\u00e4ude n\u00e4hert, der Akzeptanz des Baustils, der Zeit des Betrachtens, das Wissen \u00fcber das Geb\u00e4ude oder die pers\u00f6nlichen Beziehung zu ihm. Es sind unterschiedliche Blickwinkel, die entsprechend unterschiedliche subjektive Bilder entstehen lassen. In der Gesamtheit setzt sich das Bild des Geb\u00e4udes wiederum aus einer Vielzahl solcher individuellen Bilder zusammen. Es entsteht ein Bild aus vielen Blickwinkeln.<\/p>\n","protected":false},"excerpt":{"rendered":"<p>Hochwertiger Fotoabzug auf echtem Fuji Fotopapier. Elefantentor am Berliner Zoo farbe, matt 50\u00a0x 70 cm,\u00a0Papiergr\u00f6\u00dfe 60 x 80 (5 cm wei\u00dfer Rand) auf 5 St\u00fcck limiterte Auflage zzgl. Versand Das Projekt \u2013 Blickwinkel Die gezeigten Fotografien sollen eine vielschichtige Betrachtung der Bauwerke zulassen, unterschiedliche Blickwinkel. Das subjektive Bild ist immer beeinflusst durch die Richtung aus [&hellip;]<\/p>\n","protected":false},"featured_media":180,"comment_status":"closed","ping_status":"closed","template":"","meta":{"spay_email":"","jetpack_publicize_message":"","jetpack_is_tweetstorm":false},"product_cat":[70,43],"product_tag":[44,55,54,45,47,46,56],"jetpack_publicize_connections":[],"jetpack_likes_enabled":true,"jetpack-related-posts":[],"jetpack_sharing_enabled":true,"_links":{"self":[{"href":"https:\/\/blickwinkel.florianlonicer.com\/index.php?rest_route=\/wp\/v2\/product\/289"}],"collection":[{"href":"https:\/\/blickwinkel.florianlonicer.com\/index.php?rest_route=\/wp\/v2\/product"}],"about":[{"href":"https:\/\/blickwinkel.florianlonicer.com\/index.php?rest_route=\/wp\/v2\/types\/product"}],"replies":[{"embeddable":true,"href":"https:\/\/blickwinkel.florianlonicer.com\/index.php?rest_route=%2Fwp%2Fv2%2Fcomments&post=289"}],"wp:featuredmedia":[{"embeddable":true,"href":"https:\/\/blickwinkel.florianlonicer.com\/index.php?rest_route=\/wp\/v2\/media\/180"}],"wp:attachment":[{"href":"https:\/\/blickwinkel.florianlonicer.com\/index.php?rest_route=%2Fwp%2Fv2%2Fmedia&parent=289"}],"wp:term":[{"taxonomy":"product_cat","embeddable":true,"href":"https:\/\/blickwinkel.florianlonicer.com\/index.php?rest_route=%2Fwp%2Fv2%2Fproduct_cat&post=289"},{"taxonomy":"product_tag","embeddable":true,"href":"https:\/\/blickwinkel.florianlonicer.com\/index.php?rest_route=%2Fwp%2Fv2%2Fproduct_tag&post=289"}],"curies":[{"name":"wp","href":"https:\/\/api.w.org\/{rel}","templated":true}]}}