{"id":290,"date":"2017-06-30T09:14:28","date_gmt":"2017-06-30T09:14:28","guid":{"rendered":"https:\/\/blickwinkel.florianlonicer.com\/?post_type=product&#038;p=290"},"modified":"2017-09-12T13:35:39","modified_gmt":"2017-09-12T13:35:39","slug":"potsdamer-platz-90x60-cm-fotoabzug-limitierte-auflage-kopie","status":"publish","type":"product","link":"https:\/\/blickwinkel.florianlonicer.com\/?product=potsdamer-platz-90x60-cm-fotoabzug-limitierte-auflage-kopie","title":{"rendered":"Potsdamer Platz, 90&#215;60 cm, Fotoabzug, limitierte Auflage"},"content":{"rendered":"<p>Hochwertiger Fotoabzug auf echtem Fuji Fotopapier.<\/p>\n<p>Potsdamer Platz<\/p>\n<p>farbe, matt<\/p>\n<p>90\u00a0x 60 cm,\u00a0Papiergr\u00f6\u00dfe 100\u00a0x 70 (5 cm wei\u00dfer Rand) &#8211; hochkant<\/p>\n<p>auf 5 St\u00fcck limiterte Auflage<\/p>\n<p>zzgl. Versand<\/p>\n<p>Das Projekt \u2013 Blickwinkel<\/p>\n<p>Die gezeigten Fotografien sollen eine vielschichtige Betrachtung der Bauwerke zulassen, unterschiedliche Blickwinkel. Das subjektive Bild ist immer beeinflusst durch die Richtung aus der man sich dem Geb\u00e4ude n\u00e4hert, der Akzeptanz des Baustils, der Zeit des Betrachtens, das Wissen \u00fcber das Geb\u00e4ude oder die pers\u00f6nlichen Beziehung zu ihm. Es sind unterschiedliche Blickwinkel, die entsprechend unterschiedliche subjektive Bilder entstehen lassen. In der Gesamtheit setzt sich das Bild des Geb\u00e4udes wiederum aus einer Vielzahl solcher individuellen Bilder zusammen. Es entsteht ein Bild aus vielen Blickwinkeln.<\/p>\n","protected":false},"excerpt":{"rendered":"<p>Hochwertiger Fotoabzug auf echtem Fuji Fotopapier. Potsdamer Platz farbe, matt 90\u00a0x 60 cm,\u00a0Papiergr\u00f6\u00dfe 100\u00a0x 70 (5 cm wei\u00dfer Rand) &#8211; hochkant auf 5 St\u00fcck limiterte Auflage zzgl. Versand Das Projekt \u2013 Blickwinkel Die gezeigten Fotografien sollen eine vielschichtige Betrachtung der Bauwerke zulassen, unterschiedliche Blickwinkel. Das subjektive Bild ist immer beeinflusst durch die Richtung aus der [&hellip;]<\/p>\n","protected":false},"featured_media":280,"comment_status":"closed","ping_status":"closed","template":"","meta":{"spay_email":"","jetpack_publicize_message":"","jetpack_is_tweetstorm":false},"product_cat":[70,50],"product_tag":[52,53,45,47,46,51],"jetpack_publicize_connections":[],"jetpack_likes_enabled":true,"jetpack-related-posts":[],"jetpack_sharing_enabled":true,"_links":{"self":[{"href":"https:\/\/blickwinkel.florianlonicer.com\/index.php?rest_route=\/wp\/v2\/product\/290"}],"collection":[{"href":"https:\/\/blickwinkel.florianlonicer.com\/index.php?rest_route=\/wp\/v2\/product"}],"about":[{"href":"https:\/\/blickwinkel.florianlonicer.com\/index.php?rest_route=\/wp\/v2\/types\/product"}],"replies":[{"embeddable":true,"href":"https:\/\/blickwinkel.florianlonicer.com\/index.php?rest_route=%2Fwp%2Fv2%2Fcomments&post=290"}],"wp:featuredmedia":[{"embeddable":true,"href":"https:\/\/blickwinkel.florianlonicer.com\/index.php?rest_route=\/wp\/v2\/media\/280"}],"wp:attachment":[{"href":"https:\/\/blickwinkel.florianlonicer.com\/index.php?rest_route=%2Fwp%2Fv2%2Fmedia&parent=290"}],"wp:term":[{"taxonomy":"product_cat","embeddable":true,"href":"https:\/\/blickwinkel.florianlonicer.com\/index.php?rest_route=%2Fwp%2Fv2%2Fproduct_cat&post=290"},{"taxonomy":"product_tag","embeddable":true,"href":"https:\/\/blickwinkel.florianlonicer.com\/index.php?rest_route=%2Fwp%2Fv2%2Fproduct_tag&post=290"}],"curies":[{"name":"wp","href":"https:\/\/api.w.org\/{rel}","templated":true}]}}