{"id":301,"date":"2017-09-08T08:32:34","date_gmt":"2017-09-08T08:32:34","guid":{"rendered":"https:\/\/blickwinkel.florianlonicer.com\/?post_type=product&#038;p=301"},"modified":"2020-11-13T10:46:30","modified_gmt":"2020-11-13T10:46:30","slug":"berlin-im-blickwinkel-2021-kalender","status":"publish","type":"product","link":"https:\/\/blickwinkel.florianlonicer.com\/?product=berlin-im-blickwinkel-2021-kalender","title":{"rendered":"Berlin im Blickwinkel 2021 &#8211; Kalender"},"content":{"rendered":"<h2>Berlin im Blickwinkel 2021 \u2013 Din A3 Fotokalender<\/h2>\n<p>Der neue Blickwinkel-Kalender f\u00fcr das Jahr 2021 zeigt 12 unterschiedliche Motive in Berlin. Alle Bilder entstanden im Rahmen des Projekts Blickwinkel von Florian Lonicer. Jedes einzelne Bild besteht aus etwa 20-30 Fotografien, die zusammengef\u00fchrt wurden und dann das Motiv in ganz individuellem Blickwinkel zeigen.<\/p>\n<p>Das Projekt \u2013 Blickwinkel<\/p>\n<p>Die gezeigten Fotografien sollen eine vielschichtige Betrachtung der Bauwerke zulassen, unterschiedliche Blickwinkel. Das subjektive Bild ist immer beeinflusst durch die Richtung aus der man sich dem Geb\u00e4ude n\u00e4hert, die Akzeptanz des Baustils, die Zeit des Betrachtens, das Wissen \u00fcber das Geb\u00e4ude oder die pers\u00f6nliche Beziehung zu ihm. Es sind unterschiedliche Blickwinkel, die entsprechend unterschiedliche subjektive Bilder entstehen lassen. In der Gesamtheit setzt sich das Bild des Geb\u00e4udes wiederum aus einer Vielzahl solcher individueller Bilder zusammen. Es entsteht ein Bild aus vielen Blickwinkeln.<\/p>\n<p>Der Fotograf Florian Lonicer ist seit 2013 sesshaft in Berlin. Seit 2016 verfolgt er sein Projekt Blickwinkel, neben seinem Interesse f\u00fcr urbane Fotografie und Portraitfotografie.<\/p>\n<p>zzgl. Versandkosten (als Paket f\u00fcr 7 Euro innerhalb Deutschland)<\/p>\n","protected":false},"excerpt":{"rendered":"<p>Berlin im Blickwinkel 2021 &#8211; Kalender<\/p>\n<ul>\n<li>Fotowandkalender DIN A3<\/li>\n<li>hochwertige Fotodrucke<\/li>\n<li>Spiralbindung schwarz<\/li>\n<li>13 Seiten, Berliner Motive im Blickwinkel<\/li>\n<li>zzgl. Versandkosten (7 Euro innerhalb Deutschlands)<\/li>\n<\/ul>\n<p>Der Kalender zeigt 12 unterschiedliche Sehensw\u00fcrdigkeiten in Berlin. Alle Bilder entstanden im Rahmen des Projekts Blickwinkel von Florian Lonicer. Es sind etwa 20-30 Fotografien, die zusammengef\u00fchrt wurden und dann ein ganz anderes Bilder dieser Sehensw\u00fcrdigkeiten zeigen.<\/p>\n<p><img loading=\"lazy\" class=\"alignnone wp-image-596\" src=\"http:\/\/blickwinkel.florianlonicer.com\/wp-content\/uploads\/2020\/11\/02.jpg\" alt=\"\" width=\"399\" height=\"238\" srcset=\"https:\/\/blickwinkel.florianlonicer.com\/wp-content\/uploads\/2020\/11\/02.jpg 1000w, https:\/\/blickwinkel.florianlonicer.com\/wp-content\/uploads\/2020\/11\/02-300x179.jpg 300w, https:\/\/blickwinkel.florianlonicer.com\/wp-content\/uploads\/2020\/11\/02-768x458.jpg 768w, https:\/\/blickwinkel.florianlonicer.com\/wp-content\/uploads\/2020\/11\/02-600x358.jpg 600w\" sizes=\"(max-width: 399px) 100vw, 399px\" \/><\/p>\n<p><img loading=\"lazy\" class=\"alignnone wp-image-586\" src=\"http:\/\/blickwinkel.florianlonicer.com\/wp-content\/uploads\/2020\/11\/08.jpg\" alt=\"\" width=\"399\" height=\"238\" srcset=\"https:\/\/blickwinkel.florianlonicer.com\/wp-content\/uploads\/2020\/11\/08.jpg 1000w, https:\/\/blickwinkel.florianlonicer.com\/wp-content\/uploads\/2020\/11\/08-300x179.jpg 300w, https:\/\/blickwinkel.florianlonicer.com\/wp-content\/uploads\/2020\/11\/08-768x458.jpg 768w, https:\/\/blickwinkel.florianlonicer.com\/wp-content\/uploads\/2020\/11\/08-600x358.jpg 600w\" sizes=\"(max-width: 399px) 100vw, 399px\" \/><\/p>\n<p><img loading=\"lazy\" class=\"alignnone wp-image-583\" src=\"http:\/\/blickwinkel.florianlonicer.com\/wp-content\/uploads\/2020\/11\/05.jpg\" alt=\"\" width=\"399\" height=\"238\" srcset=\"https:\/\/blickwinkel.florianlonicer.com\/wp-content\/uploads\/2020\/11\/05.jpg 1000w, https:\/\/blickwinkel.florianlonicer.com\/wp-content\/uploads\/2020\/11\/05-300x179.jpg 300w, https:\/\/blickwinkel.florianlonicer.com\/wp-content\/uploads\/2020\/11\/05-768x458.jpg 768w, https:\/\/blickwinkel.florianlonicer.com\/wp-content\/uploads\/2020\/11\/05-600x358.jpg 600w\" sizes=\"(max-width: 399px) 100vw, 399px\" \/><\/p>\n<p><img loading=\"lazy\" class=\"alignnone wp-image-581\" src=\"http:\/\/blickwinkel.florianlonicer.com\/wp-content\/uploads\/2020\/11\/03.jpg\" alt=\"\" width=\"399\" height=\"238\" srcset=\"https:\/\/blickwinkel.florianlonicer.com\/wp-content\/uploads\/2020\/11\/03.jpg 1000w, https:\/\/blickwinkel.florianlonicer.com\/wp-content\/uploads\/2020\/11\/03-300x179.jpg 300w, https:\/\/blickwinkel.florianlonicer.com\/wp-content\/uploads\/2020\/11\/03-768x458.jpg 768w, https:\/\/blickwinkel.florianlonicer.com\/wp-content\/uploads\/2020\/11\/03-600x358.jpg 600w\" sizes=\"(max-width: 399px) 100vw, 399px\" \/><\/p>\n","protected":false},"featured_media":578,"comment_status":"closed","ping_status":"closed","template":"","meta":{"spay_email":"","jetpack_publicize_message":"","jetpack_is_tweetstorm":false},"product_cat":[64],"product_tag":[78,65,80,66,79,67],"jetpack_publicize_connections":[],"jetpack_likes_enabled":true,"jetpack-related-posts":[],"jetpack_sharing_enabled":true,"_links":{"self":[{"href":"https:\/\/blickwinkel.florianlonicer.com\/index.php?rest_route=\/wp\/v2\/product\/301"}],"collection":[{"href":"https:\/\/blickwinkel.florianlonicer.com\/index.php?rest_route=\/wp\/v2\/product"}],"about":[{"href":"https:\/\/blickwinkel.florianlonicer.com\/index.php?rest_route=\/wp\/v2\/types\/product"}],"replies":[{"embeddable":true,"href":"https:\/\/blickwinkel.florianlonicer.com\/index.php?rest_route=%2Fwp%2Fv2%2Fcomments&post=301"}],"wp:featuredmedia":[{"embeddable":true,"href":"https:\/\/blickwinkel.florianlonicer.com\/index.php?rest_route=\/wp\/v2\/media\/578"}],"wp:attachment":[{"href":"https:\/\/blickwinkel.florianlonicer.com\/index.php?rest_route=%2Fwp%2Fv2%2Fmedia&parent=301"}],"wp:term":[{"taxonomy":"product_cat","embeddable":true,"href":"https:\/\/blickwinkel.florianlonicer.com\/index.php?rest_route=%2Fwp%2Fv2%2Fproduct_cat&post=301"},{"taxonomy":"product_tag","embeddable":true,"href":"https:\/\/blickwinkel.florianlonicer.com\/index.php?rest_route=%2Fwp%2Fv2%2Fproduct_tag&post=301"}],"curies":[{"name":"wp","href":"https:\/\/api.w.org\/{rel}","templated":true}]}}